{"id":22,"date":"2018-12-11T18:52:14","date_gmt":"2018-12-11T18:52:14","guid":{"rendered":"http:\/\/dreckschuhe.eu\/?page_id=22"},"modified":"2024-11-29T20:27:06","modified_gmt":"2024-11-29T18:27:06","slug":"home","status":"publish","type":"page","link":"https:\/\/dreckschuhe.de\/","title":{"rendered":"Startseite"},"content":{"rendered":"<p style=\"text-align: left;\"><span style=\"font-size: 18pt;\"><strong><span style=\"color: #000000;\">Geh raus und mach deine Schuhe dreckig!<\/span><\/strong><\/span><\/p>\n<p><img decoding=\"async\" class=\"alignnone wp-image-850 size-large\" src=\"https:\/\/dreckschuhe.de\/wp-content\/uploads\/2022\/01\/Wander-Banner3-1024x307.jpg\" alt=\"\" width=\"860\" height=\"258\" srcset=\"https:\/\/dreckschuhe.de\/wp-content\/uploads\/2022\/01\/Wander-Banner3-1024x307.jpg 1024w, https:\/\/dreckschuhe.de\/wp-content\/uploads\/2022\/01\/Wander-Banner3-300x90.jpg 300w, https:\/\/dreckschuhe.de\/wp-content\/uploads\/2022\/01\/Wander-Banner3-768x230.jpg 768w, https:\/\/dreckschuhe.de\/wp-content\/uploads\/2022\/01\/Wander-Banner3.jpg 1200w\" sizes=\"(max-width: 860px) 100vw, 860px\" \/><\/p>\n<p>Das Wort Wandern ist belastet!<\/p>\n<ul>\n<li>von m\u00fchsamen Sonntagswanderungen in der Kindheit<\/li>\n<li>von Wandervereinen mit ihren Rudelwanderungen<\/li>\n<li>von spie\u00dfiger Wanderromantik<\/li>\n<\/ul>\n<p>Das Image wandelte sich.<br \/>\nDie neue Begrifflichkeit ist gepr\u00e4gt von : Outdoor, Hiking,\u00a0 Achtsamkeit, Slow Travel. Wandern ist heute cool.<br \/>\nUnd wer h\u00e4tte das gedacht: Pilgern ist ebenso hipp&#8230; die Leute treten aus der Kirche aus und gehen gleichzeitig den Jakobsweg nach Santiago di Compostella.<br \/>\n\u00dcber Fernwanderungen dreht man Dokumentationen und Kinofilme.<\/p>\n<p>Sch\u00f6n! Hauptsache die Leute bewegen sich und machen ihre Schuhe dreckig.<\/p>\n<p>&nbsp;<\/p>\n<p>&nbsp;<\/p>\n","protected":false},"excerpt":{"rendered":"<p>Geh raus und mach deine Schuhe dreckig! Das Wort Wandern ist belastet! von m\u00fchsamen Sonntagswanderungen in der Kindheit von Wandervereinen mit ihren Rudelwanderungen von spie\u00dfiger Wanderromantik Das Image wandelte sich. Die neue Begrifflichkeit ist gepr\u00e4gt von : Outdoor, Hiking,\u00a0 Achtsamkeit, Slow Travel. Wandern ist heute cool. Und wer h\u00e4tte das gedacht: Pilgern ist ebenso hipp&#8230; die Leute treten aus der [&#8230;]<\/p>\n","protected":false},"author":1,"featured_media":0,"parent":0,"menu_order":0,"comment_status":"closed","ping_status":"closed","template":"","meta":{"footnotes":""},"class_list":["post-22","page","type-page","status-publish","hentry"],"_links":{"self":[{"href":"https:\/\/dreckschuhe.de\/index.php?rest_route=\/wp\/v2\/pages\/22","targetHints":{"allow":["GET"]}}],"collection":[{"href":"https:\/\/dreckschuhe.de\/index.php?rest_route=\/wp\/v2\/pages"}],"about":[{"href":"https:\/\/dreckschuhe.de\/index.php?rest_route=\/wp\/v2\/types\/page"}],"author":[{"embeddable":true,"href":"https:\/\/dreckschuhe.de\/index.php?rest_route=\/wp\/v2\/users\/1"}],"replies":[{"embeddable":true,"href":"https:\/\/dreckschuhe.de\/index.php?rest_route=%2Fwp%2Fv2%2Fcomments&post=22"}],"version-history":[{"count":33,"href":"https:\/\/dreckschuhe.de\/index.php?rest_route=\/wp\/v2\/pages\/22\/revisions"}],"predecessor-version":[{"id":1117,"href":"https:\/\/dreckschuhe.de\/index.php?rest_route=\/wp\/v2\/pages\/22\/revisions\/1117"}],"wp:attachment":[{"href":"https:\/\/dreckschuhe.de\/index.php?rest_route=%2Fwp%2Fv2%2Fmedia&parent=22"}],"curies":[{"name":"wp","href":"https:\/\/api.w.org\/{rel}","templated":true}]}}