{"id":70,"date":"2019-01-01T20:53:57","date_gmt":"2019-01-01T20:53:57","guid":{"rendered":"http:\/\/dreckschuhe.eu\/?p=70"},"modified":"2019-04-10T12:58:13","modified_gmt":"2019-04-10T12:58:13","slug":"heute-37-minuten-vor-150-jahren-3-tage","status":"publish","type":"page","link":"https:\/\/dreckschuhe.de\/?page_id=70","title":{"rendered":"In 37 Minuten durch die Alpen"},"content":{"rendered":"<p><strong>Reisegeschwindigkeiten<\/strong><br \/>\nF\u00fcr die Reisegeschwindigkeit ist nicht nur das Transportmittel ausschlaggebend, sondern\u00a0 in gleicher Weise der Zustand des Weges sowie die Topografie.<\/p>\n<p>Tabelle von mittleren erdgebundenen Reisegeschwindigkeiten:<\/p>\n<table>\n<tbody>\n<tr>\n<td>Fussg\u00e4nger<\/td>\n<td>ca. 4 km\/h<\/td>\n<\/tr>\n<tr>\n<td>Pferdekutsche fr\u00fcher<\/td>\n<td>ca. 6 km\/h<\/td>\n<\/tr>\n<tr>\n<td>Reitpferd \/ Fahrrad<\/td>\n<td>ca. 15 km\/h<\/td>\n<\/tr>\n<tr>\n<td>Auto Landstrasse<\/td>\n<td>ca. 80 km\/h<\/td>\n<\/tr>\n<tr>\n<td>Eisenbahn Dampf<\/td>\n<td>ca. 120 km\/h<\/td>\n<\/tr>\n<tr>\n<td>Eisenbahn elektrisch (Gotthard Tunnel)<\/td>\n<td>ca. 250 km\/h<\/td>\n<\/tr>\n<\/tbody>\n<\/table>\n<p>Der Fussg\u00e4nger und die Postkutsche lagen gar nicht so weit auseinander. Nur beim Komfort und der Sicherheit war die Kutsche \u00fcberlegen.<\/p>\n<p>Eine Reise \u00fcber den Gotthard mit der Kutsche dauerte im 17. Jahrhundert ca. drei Tage. Im 18. Jahrhundert noch einen Tag. Heute f\u00e4hrt die SBB durch den Basistunnel von Erstfeld nach Bodio in genau 37 Minuten. Das ist 116 mal schneller.<\/p>\n<p>Eine Reise in der Endphase der Postkutsche, kurz vor Einf\u00fchrung der Eisenbahn, von Basel nach Mailand dauerte bei hervorragendem Strassenzustand im besten Fall 50 Stunden. Der ICE ben\u00f6tigt knapp 4 Stunden, das Flugzeug 45 Minuten.<\/p>\n<p>Der M\u00f6nch Luther musste im Jahr 1511\u00a0 mal kurz nach Rom um ein paar Dinge abzuchecken. Er ben\u00f6tigte f\u00fcr die Strecke von Wittenberg nach Rom zu Fuss gerade mal acht Wochen. Das war \u201eSpeed-Hiking\u201c!<\/p>\n<p>Klar, der Wanderer ist der Langsamste&#8230;! Aber trotzdem ist es erstaunlich was man zu Fuss schaffen kann!<br \/>\nEin Flug von M\u00fcnchen nach Rom hat nichts Spektakul\u00e4res. Wenn du allerdings zu Fuss von M\u00fcnchen nach Rom tippelst, kannst du vermutlich ein Buch \u00fcber deine Erlebnisse schreiben.<\/p>\n<p>&nbsp;<\/p>\n<p>&nbsp;<\/p>\n<p>&nbsp;<\/p>\n<p>&nbsp;<\/p>\n<p>&nbsp;<\/p>\n<p>&nbsp;<\/p>\n","protected":false},"excerpt":{"rendered":"<p>Reisegeschwindigkeiten F\u00fcr die Reisegeschwindigkeit ist nicht nur das Transportmittel ausschlaggebend, sondern\u00a0 in gleicher Weise der Zustand des Weges sowie die Topografie. Tabelle von mittleren erdgebundenen Reisegeschwindigkeiten: Fussg\u00e4nger ca. 4 km\/h Pferdekutsche fr\u00fcher ca. 6 km\/h Reitpferd \/ Fahrrad ca. 15 km\/h Auto Landstrasse ca. 80 km\/h Eisenbahn Dampf ca. 120 km\/h Eisenbahn elektrisch (Gotthard Tunnel) ca. 250 km\/h Der Fussg\u00e4nger [&#8230;]<\/p>\n","protected":false},"author":1,"featured_media":0,"parent":0,"menu_order":0,"comment_status":"closed","ping_status":"closed","template":"","meta":{"footnotes":""},"class_list":["post-70","page","type-page","status-publish","hentry"],"_links":{"self":[{"href":"https:\/\/dreckschuhe.de\/index.php?rest_route=\/wp\/v2\/pages\/70","targetHints":{"allow":["GET"]}}],"collection":[{"href":"https:\/\/dreckschuhe.de\/index.php?rest_route=\/wp\/v2\/pages"}],"about":[{"href":"https:\/\/dreckschuhe.de\/index.php?rest_route=\/wp\/v2\/types\/page"}],"author":[{"embeddable":true,"href":"https:\/\/dreckschuhe.de\/index.php?rest_route=\/wp\/v2\/users\/1"}],"replies":[{"embeddable":true,"href":"https:\/\/dreckschuhe.de\/index.php?rest_route=%2Fwp%2Fv2%2Fcomments&post=70"}],"version-history":[{"count":13,"href":"https:\/\/dreckschuhe.de\/index.php?rest_route=\/wp\/v2\/pages\/70\/revisions"}],"predecessor-version":[{"id":321,"href":"https:\/\/dreckschuhe.de\/index.php?rest_route=\/wp\/v2\/pages\/70\/revisions\/321"}],"wp:attachment":[{"href":"https:\/\/dreckschuhe.de\/index.php?rest_route=%2Fwp%2Fv2%2Fmedia&parent=70"}],"curies":[{"name":"wp","href":"https:\/\/api.w.org\/{rel}","templated":true}]}}