{"id":76,"date":"2019-01-01T20:58:27","date_gmt":"2019-01-01T20:58:27","guid":{"rendered":"http:\/\/dreckschuhe.eu\/?p=76"},"modified":"2022-08-28T17:53:33","modified_gmt":"2022-08-28T15:53:33","slug":"wegzeit-die-formel","status":"publish","type":"page","link":"https:\/\/dreckschuhe.de\/?page_id=76","title":{"rendered":"Gehzeiten: die Formel"},"content":{"rendered":"<p>&nbsp;<\/p>\n<p><img decoding=\"async\" class=\"alignleft wp-image-148 size-medium\" src=\"https:\/\/dreckschuhe.de\/wp-content\/uploads\/2019\/01\/20180617_0902191-e1553196990427-300x186.jpg\" alt=\"\" width=\"300\" height=\"186\" srcset=\"https:\/\/dreckschuhe.de\/wp-content\/uploads\/2019\/01\/20180617_0902191-e1553196990427-300x186.jpg 300w, https:\/\/dreckschuhe.de\/wp-content\/uploads\/2019\/01\/20180617_0902191-e1553196990427-768x476.jpg 768w, https:\/\/dreckschuhe.de\/wp-content\/uploads\/2019\/01\/20180617_0902191-e1553196990427-1024x635.jpg 1024w, https:\/\/dreckschuhe.de\/wp-content\/uploads\/2019\/01\/20180617_0902191-e1553196990427.jpg 1577w\" sizes=\"(max-width: 300px) 100vw, 300px\" \/><\/p>\n<p>&nbsp;<\/p>\n<p><b>Die Zeitangabe auf Wanderschilder bedeutet immer die reine Gehzeit ohne Pausen.<br \/>\n<\/b><b><\/b>Die aufgef\u00fchrten Wanderzeiten lassen sich mit einer einfachen Formel ermitteln:<\/p>\n<p><strong>Gehzeit im flachen Gel\u00e4nde 4,2 km pro Stunde.<\/strong><br \/>\n<strong> Pro 300 H\u00f6henmeter kommt noch eine Stunde hinzu.<\/strong><\/p>\n<p>Wenn die Wanderung \u00fcber 8 Kilometer geht und eine H\u00f6hendifferenz von 300 Meter besteht, berechnet sich die Wanderzeit\u00a0 8 x 4,2 = 1 Std. 54 min plus 1 Std. f\u00fcr den Aufstieg. Ergibt eine Gesamtzeit von 2 Std. 54 Minuten.<\/p>\n<p>Diese Berechnungsformel stammt vom Schweizer Landesamt f\u00fcr Topografie und wird mittlerweile auch in anderen L\u00e4ndern angewandt.<\/p>\n<p>Ich finde es immer lustig, wenn die &#8222;Powersportler&#8220; zu Beginn einer Wanderung den gro\u00dfen Gang einlegen, davon st\u00fcrmen und mitleidig zur\u00fcckschauen. Sp\u00e4testens\u00a0 nach 10 km habe ich sie alle wieder.<\/p>\n<p>&nbsp;<\/p>\n","protected":false},"excerpt":{"rendered":"<p>&nbsp; &nbsp; Die Zeitangabe auf Wanderschilder bedeutet immer die reine Gehzeit ohne Pausen. Die aufgef\u00fchrten Wanderzeiten lassen sich mit einer einfachen Formel ermitteln: Gehzeit im flachen Gel\u00e4nde 4,2 km pro Stunde. Pro 300 H\u00f6henmeter kommt noch eine Stunde hinzu. Wenn die Wanderung \u00fcber 8 Kilometer geht und eine H\u00f6hendifferenz von 300 Meter besteht, berechnet sich die Wanderzeit\u00a0 8 x 4,2 [&#8230;]<\/p>\n","protected":false},"author":1,"featured_media":0,"parent":0,"menu_order":0,"comment_status":"closed","ping_status":"closed","template":"","meta":{"footnotes":""},"class_list":["post-76","page","type-page","status-publish","hentry"],"_links":{"self":[{"href":"https:\/\/dreckschuhe.de\/index.php?rest_route=\/wp\/v2\/pages\/76","targetHints":{"allow":["GET"]}}],"collection":[{"href":"https:\/\/dreckschuhe.de\/index.php?rest_route=\/wp\/v2\/pages"}],"about":[{"href":"https:\/\/dreckschuhe.de\/index.php?rest_route=\/wp\/v2\/types\/page"}],"author":[{"embeddable":true,"href":"https:\/\/dreckschuhe.de\/index.php?rest_route=\/wp\/v2\/users\/1"}],"replies":[{"embeddable":true,"href":"https:\/\/dreckschuhe.de\/index.php?rest_route=%2Fwp%2Fv2%2Fcomments&post=76"}],"version-history":[{"count":18,"href":"https:\/\/dreckschuhe.de\/index.php?rest_route=\/wp\/v2\/pages\/76\/revisions"}],"predecessor-version":[{"id":866,"href":"https:\/\/dreckschuhe.de\/index.php?rest_route=\/wp\/v2\/pages\/76\/revisions\/866"}],"wp:attachment":[{"href":"https:\/\/dreckschuhe.de\/index.php?rest_route=%2Fwp%2Fv2%2Fmedia&parent=76"}],"curies":[{"name":"wp","href":"https:\/\/api.w.org\/{rel}","templated":true}]}}