{"id":80,"date":"2019-01-01T20:59:15","date_gmt":"2019-01-01T20:59:15","guid":{"rendered":"http:\/\/dreckschuhe.eu\/?p=80"},"modified":"2022-07-30T20:28:55","modified_gmt":"2022-07-30T18:28:55","slug":"buecher-ueber-das-wandern","status":"publish","type":"page","link":"https:\/\/dreckschuhe.de\/?page_id=80","title":{"rendered":"B\u00fccher \u00fcber das Wandern"},"content":{"rendered":"<p>Hier meine\u00a0 Buchtipps \u00fcber das Wandern im weitesten Sinne.<\/p>\n<p>&nbsp;<\/p>\n<table>\n<tbody>\n<tr>\n<td style=\"width: 128.23px;\">Autor<\/td>\n<td style=\"width: 205.34px;\">Titel<\/td>\n<td style=\"width: 289.47px;\">Beschreibung<\/td>\n<\/tr>\n<\/tbody>\n<\/table>\n<table>\n<tbody>\n<tr>\n<td style=\"width: 127.85px;\">Seume Johann Gottfried<\/td>\n<td style=\"width: 204.78px;\">Spaziergang nach Syrakus im Jahre 1802<\/td>\n<td style=\"width: 290.41px;\">Der Klassiker. Wunderbare Beschreibung einer Wanderung von Dresden nach Syrakus (Sizilien)<\/td>\n<\/tr>\n<tr>\n<td style=\"width: 127.85px;\">Henry David Thoreau<\/td>\n<td style=\"width: 204.78px;\">Walden<\/td>\n<td style=\"width: 290.41px;\">1845 zog sich Thoreau in Massachusetts in den Wald um dort einfach zu leben. Einer der ersten Aussteiger.<\/td>\n<\/tr>\n<tr>\n<td style=\"width: 127.85px;\">Brilli Attilio<\/td>\n<td style=\"width: 204.78px;\">Als Reisen noch eine Kunst war<\/td>\n<td style=\"width: 290.41px;\">\u00dcber die Geschichte des Reisens.<\/td>\n<\/tr>\n<tr>\n<td style=\"width: 127.85px;\">Kieran Dan<\/td>\n<td style=\"width: 204.78px;\">Slow Travel<\/td>\n<td style=\"width: 290.41px;\">Die entschleunigte Variante des Reisens<\/td>\n<\/tr>\n<tr>\n<td style=\"width: 127.85px;\">McDougall<\/td>\n<td style=\"width: 204.78px;\">Born to run<\/td>\n<td style=\"width: 290.41px;\">\u00dcber das Laufen<\/td>\n<\/tr>\n<tr>\n<td style=\"width: 127.85px;\">Bovers Klaus<\/td>\n<td style=\"width: 204.78px;\">Kraftquelle Gehen<\/td>\n<td style=\"width: 290.41px;\">Warum Gehen die nat\u00fcrlichste Form der Fortbewegung f\u00fcr uns Menschen ist<\/td>\n<\/tr>\n<tr>\n<td style=\"width: 127.85px;\">Kampa Daniel<\/td>\n<td style=\"width: 204.78px;\">Wanderlust<\/td>\n<td style=\"width: 290.41px;\">Anthologie mit Geschichten \u00fcber das Wandern.<\/td>\n<\/tr>\n<tr>\n<td style=\"width: 127.85px;\">Taghizadegan Rahim<\/td>\n<td style=\"width: 204.78px;\">die Alpenphilosophie<\/td>\n<td style=\"width: 290.41px;\">Eine Spurensuche nach vergessenen Werten<\/td>\n<\/tr>\n<tr>\n<td style=\"width: 127.85px;\">Strayed Cheryl<\/td>\n<td style=\"width: 204.78px;\">Der gro\u00dfe Trip<\/td>\n<td style=\"width: 290.41px;\">Eine Fernwanderung \u00fcber 4284 km. Den &#8222;PCT&#8220; Pacific Crest Trail (USA)<\/td>\n<\/tr>\n<tr>\n<td style=\"width: 127.85px;\">Kerkeling Hape<\/td>\n<td style=\"width: 204.78px;\">Ich bin dann mal weg<\/td>\n<td style=\"width: 290.41px;\">Eine Pilgerreise<\/td>\n<\/tr>\n<tr>\n<td style=\"width: 127.85px;\">Joyce Rachel<\/td>\n<td style=\"width: 204.78px;\">Die unwahrscheinliche Pilgerreise des Harold Fry<\/td>\n<td style=\"width: 290.41px;\">Sehr witzige Story \u00fcber einen verr\u00fcckten Engl\u00e4nder<\/td>\n<\/tr>\n<tr>\n<td style=\"width: 127.85px;\">Gerbert Frank<\/td>\n<td style=\"width: 204.78px;\">Wandern<\/td>\n<td style=\"width: 290.41px;\">Kleine Philosophie des Wanderns<\/td>\n<\/tr>\n<tr>\n<td style=\"width: 127.85px;\">Su\u00dfebach Henning<\/td>\n<td style=\"width: 204.78px;\">Deutschland ab vom Wege<\/td>\n<td style=\"width: 290.41px;\">Eine Wanderung l\u00e4ngs durch Deutschland&#8230; aber durch das Hinterland.<\/td>\n<\/tr>\n<\/tbody>\n<\/table>\n","protected":false},"excerpt":{"rendered":"<p>Hier meine\u00a0 Buchtipps \u00fcber das Wandern im weitesten Sinne. &nbsp; Autor Titel Beschreibung Seume Johann Gottfried Spaziergang nach Syrakus im Jahre 1802 Der Klassiker. Wunderbare Beschreibung einer Wanderung von Dresden nach Syrakus (Sizilien) Henry David Thoreau Walden 1845 zog sich Thoreau in Massachusetts in den Wald um dort einfach zu leben. Einer der ersten Aussteiger. Brilli Attilio Als Reisen noch [&#8230;]<\/p>\n","protected":false},"author":1,"featured_media":0,"parent":0,"menu_order":0,"comment_status":"closed","ping_status":"closed","template":"","meta":{"footnotes":""},"class_list":["post-80","page","type-page","status-publish","hentry"],"_links":{"self":[{"href":"https:\/\/dreckschuhe.de\/index.php?rest_route=\/wp\/v2\/pages\/80","targetHints":{"allow":["GET"]}}],"collection":[{"href":"https:\/\/dreckschuhe.de\/index.php?rest_route=\/wp\/v2\/pages"}],"about":[{"href":"https:\/\/dreckschuhe.de\/index.php?rest_route=\/wp\/v2\/types\/page"}],"author":[{"embeddable":true,"href":"https:\/\/dreckschuhe.de\/index.php?rest_route=\/wp\/v2\/users\/1"}],"replies":[{"embeddable":true,"href":"https:\/\/dreckschuhe.de\/index.php?rest_route=%2Fwp%2Fv2%2Fcomments&post=80"}],"version-history":[{"count":9,"href":"https:\/\/dreckschuhe.de\/index.php?rest_route=\/wp\/v2\/pages\/80\/revisions"}],"predecessor-version":[{"id":940,"href":"https:\/\/dreckschuhe.de\/index.php?rest_route=\/wp\/v2\/pages\/80\/revisions\/940"}],"wp:attachment":[{"href":"https:\/\/dreckschuhe.de\/index.php?rest_route=%2Fwp%2Fv2%2Fmedia&parent=80"}],"curies":[{"name":"wp","href":"https:\/\/api.w.org\/{rel}","templated":true}]}}