{"id":84,"date":"2019-01-01T21:01:36","date_gmt":"2019-01-01T21:01:36","guid":{"rendered":"http:\/\/dreckschuhe.eu\/?p=84"},"modified":"2022-08-28T17:53:33","modified_gmt":"2022-08-28T15:53:33","slug":"die-mutter-aller-wanderwege","status":"publish","type":"page","link":"https:\/\/dreckschuhe.de\/?page_id=84","title":{"rendered":"Die Mutter aller Wanderwege"},"content":{"rendered":"<p><img decoding=\"async\" class=\"wp-image-271 alignright\" src=\"https:\/\/dreckschuhe.de\/wp-content\/uploads\/2019\/01\/Jakobswege-euopa.de_-1.jpg\" alt=\"\" width=\"396\" height=\"254\" \/><strong><span style=\"font-size: 14pt;\">&#8230;sind die Pilgerwege<\/span><\/strong><\/p>\n<p>&nbsp;<\/p>\n<p>In ganz Europa trifft man auf Jakobswege. Welcher ist nun der Richtige?<\/p>\n<p>Gepilgert wird seit 1100 Jahren.<br \/>\nDie grossen Pilgerziele sind:<\/p>\n<ul>\n<li>Santiago de Compostela (Grab Jakobs d.\u00c4.)<\/li>\n<li>Jerusalem<\/li>\n<li>Rom<\/li>\n<\/ul>\n<p>Die meisten dieser historischen Pilgerwege liegen topografisch so perfekt, dass viele der heutigen <span style=\"font-size: 0.95em;\">&#8222;Premium-und hol-der-Teufel-was-Wanderwege&#8220; auf diesen alten Jakobsrouten liegen. Die Karte zeigt, dass alle Jakobswege in den Camino Frances m\u00fcnden.<\/span><\/p>\n<p>Wer als Pilger den\u00a0 Jakobsweg geht, muss lediglich die letzten 100 Kilometer nachweisen um die Pilgerurkunde zu erhalten. Traditionell kann der Camino zu Fu\u00df, per Fahrrad oder zu Pferd zur\u00fcckgelegt werden. Es gibt einen Pilgerpass um in den g\u00fcnstigen Pilgerherbergen zu n\u00e4chtigen.<\/p>\n<p>&nbsp;<\/p>\n","protected":false},"excerpt":{"rendered":"<p>&#8230;sind die Pilgerwege &nbsp; In ganz Europa trifft man auf Jakobswege. Welcher ist nun der Richtige? Gepilgert wird seit 1100 Jahren. Die grossen Pilgerziele sind: Santiago de Compostela (Grab Jakobs d.\u00c4.) Jerusalem Rom Die meisten dieser historischen Pilgerwege liegen topografisch so perfekt, dass viele der heutigen &#8222;Premium-und hol-der-Teufel-was-Wanderwege&#8220; auf diesen alten Jakobsrouten liegen. Die Karte zeigt, dass alle Jakobswege in [&#8230;]<\/p>\n","protected":false},"author":1,"featured_media":0,"parent":0,"menu_order":0,"comment_status":"closed","ping_status":"closed","template":"","meta":{"footnotes":""},"class_list":["post-84","page","type-page","status-publish","hentry"],"_links":{"self":[{"href":"https:\/\/dreckschuhe.de\/index.php?rest_route=\/wp\/v2\/pages\/84","targetHints":{"allow":["GET"]}}],"collection":[{"href":"https:\/\/dreckschuhe.de\/index.php?rest_route=\/wp\/v2\/pages"}],"about":[{"href":"https:\/\/dreckschuhe.de\/index.php?rest_route=\/wp\/v2\/types\/page"}],"author":[{"embeddable":true,"href":"https:\/\/dreckschuhe.de\/index.php?rest_route=\/wp\/v2\/users\/1"}],"replies":[{"embeddable":true,"href":"https:\/\/dreckschuhe.de\/index.php?rest_route=%2Fwp%2Fv2%2Fcomments&post=84"}],"version-history":[{"count":10,"href":"https:\/\/dreckschuhe.de\/index.php?rest_route=\/wp\/v2\/pages\/84\/revisions"}],"predecessor-version":[{"id":939,"href":"https:\/\/dreckschuhe.de\/index.php?rest_route=\/wp\/v2\/pages\/84\/revisions\/939"}],"wp:attachment":[{"href":"https:\/\/dreckschuhe.de\/index.php?rest_route=%2Fwp%2Fv2%2Fmedia&parent=84"}],"curies":[{"name":"wp","href":"https:\/\/api.w.org\/{rel}","templated":true}]}}